{"id":53,"date":"2021-06-03T12:48:05","date_gmt":"2021-06-03T15:48:05","guid":{"rendered":"https:\/\/www.newcenter.net.br\/provedor\/?page_id=53"},"modified":"2021-06-03T13:10:44","modified_gmt":"2021-06-03T16:10:44","slug":"areas-de-abrangencia-da-ncnet","status":"publish","type":"page","link":"https:\/\/www.newcenter.net.br\/provedor\/areas-de-abrangencia-da-ncnet\/","title":{"rendered":"\u00c1reas de Abrang\u00eancia da NcNet"},"content":{"rendered":"\n<p>A \u00e1rea de atua\u00e7\u00e3o do Provedor \u00e9 onde h\u00e1 previs\u00e3o de comercializa\u00e7\u00e3o. A \u00e1rea de <strong>abrang\u00eancia<\/strong> geogr\u00e1fica do servi\u00e7o indica em que locais o Provedor possui rede credenciada, referenciada ou pr\u00f3pria para atendimentos aos benefici\u00e1rios para as coberturas previstas.<\/p>\n\n\n\n<p>A NcNet Cruzeiro do Sul possui um permanente Programa de Expans\u00e3o da \u00c1rea de Cobertura. Veja nos mapas:<\/p>\n\n\n\n<ul class=\"wp-block-list\"><li>Internet Fibra \u00d3ptica<\/li><li>Internet via R\u00e1dio<\/li><\/ul>\n\n\n\n<figure class=\"wp-block-image size-large\"><a href=\"https:\/\/www.newcenter.net.br\/provedor\/wp-content\/uploads\/2021\/06\/centro.jpg\" rel=\"lightbox-0\"><img loading=\"lazy\" decoding=\"async\" width=\"1024\" height=\"552\" src=\"https:\/\/www.newcenter.net.br\/provedor\/wp-content\/uploads\/2021\/06\/centro-1024x552.jpg\" alt=\"\" class=\"wp-image-55\" srcset=\"https:\/\/www.newcenter.net.br\/provedor\/wp-content\/uploads\/2021\/06\/centro-1024x552.jpg 1024w, https:\/\/www.newcenter.net.br\/provedor\/wp-content\/uploads\/2021\/06\/centro-300x162.jpg 300w, https:\/\/www.newcenter.net.br\/provedor\/wp-content\/uploads\/2021\/06\/centro-768x414.jpg 768w, https:\/\/www.newcenter.net.br\/provedor\/wp-content\/uploads\/2021\/06\/centro.jpg 1280w\" sizes=\"auto, (max-width: 1024px) 100vw, 1024px\" \/><\/a><\/figure>\n\n\n\n<figure class=\"wp-block-image size-large\"><a href=\"https:\/\/www.newcenter.net.br\/provedor\/wp-content\/uploads\/2021\/06\/cascata.jpg\" rel=\"lightbox-1\"><img loading=\"lazy\" decoding=\"async\" width=\"720\" height=\"958\" src=\"https:\/\/www.newcenter.net.br\/provedor\/wp-content\/uploads\/2021\/06\/cascata.jpg\" alt=\"\" class=\"wp-image-57\" srcset=\"https:\/\/www.newcenter.net.br\/provedor\/wp-content\/uploads\/2021\/06\/cascata.jpg 720w, https:\/\/www.newcenter.net.br\/provedor\/wp-content\/uploads\/2021\/06\/cascata-225x300.jpg 225w\" sizes=\"auto, (max-width: 720px) 100vw, 720px\" \/><\/a><\/figure>\n\n\n\n<figure class=\"wp-block-image size-large\"><a href=\"https:\/\/www.newcenter.net.br\/provedor\/wp-content\/uploads\/2021\/06\/cruzeiro_01.jpg\" rel=\"lightbox-2\"><img loading=\"lazy\" decoding=\"async\" width=\"1024\" height=\"530\" src=\"https:\/\/www.newcenter.net.br\/provedor\/wp-content\/uploads\/2021\/06\/cruzeiro_01-1024x530.jpg\" alt=\"\" class=\"wp-image-58\" srcset=\"https:\/\/www.newcenter.net.br\/provedor\/wp-content\/uploads\/2021\/06\/cruzeiro_01-1024x530.jpg 1024w, https:\/\/www.newcenter.net.br\/provedor\/wp-content\/uploads\/2021\/06\/cruzeiro_01-300x155.jpg 300w, https:\/\/www.newcenter.net.br\/provedor\/wp-content\/uploads\/2021\/06\/cruzeiro_01-768x397.jpg 768w, https:\/\/www.newcenter.net.br\/provedor\/wp-content\/uploads\/2021\/06\/cruzeiro_01.jpg 1280w\" sizes=\"auto, (max-width: 1024px) 100vw, 1024px\" \/><\/a><\/figure>\n\n\n\n<figure class=\"wp-block-image size-large\"><a href=\"https:\/\/www.newcenter.net.br\/provedor\/wp-content\/uploads\/2021\/06\/cruzeiro_02.jpg\" rel=\"lightbox-3\"><img loading=\"lazy\" decoding=\"async\" width=\"1024\" height=\"550\" src=\"https:\/\/www.newcenter.net.br\/provedor\/wp-content\/uploads\/2021\/06\/cruzeiro_02-1024x550.jpg\" alt=\"\" class=\"wp-image-59\" srcset=\"https:\/\/www.newcenter.net.br\/provedor\/wp-content\/uploads\/2021\/06\/cruzeiro_02-1024x550.jpg 1024w, https:\/\/www.newcenter.net.br\/provedor\/wp-content\/uploads\/2021\/06\/cruzeiro_02-300x161.jpg 300w, https:\/\/www.newcenter.net.br\/provedor\/wp-content\/uploads\/2021\/06\/cruzeiro_02-768x413.jpg 768w, https:\/\/www.newcenter.net.br\/provedor\/wp-content\/uploads\/2021\/06\/cruzeiro_02.jpg 1280w\" sizes=\"auto, (max-width: 1024px) 100vw, 1024px\" \/><\/a><\/figure>\n\n\n\n<figure class=\"wp-block-image size-large\"><a href=\"https:\/\/www.newcenter.net.br\/provedor\/wp-content\/uploads\/2021\/06\/cruzeiro_03.jpg\" rel=\"lightbox-4\"><img loading=\"lazy\" decoding=\"async\" width=\"720\" height=\"870\" src=\"https:\/\/www.newcenter.net.br\/provedor\/wp-content\/uploads\/2021\/06\/cruzeiro_03.jpg\" alt=\"\" class=\"wp-image-61\" srcset=\"https:\/\/www.newcenter.net.br\/provedor\/wp-content\/uploads\/2021\/06\/cruzeiro_03.jpg 720w, https:\/\/www.newcenter.net.br\/provedor\/wp-content\/uploads\/2021\/06\/cruzeiro_03-248x300.jpg 248w\" sizes=\"auto, (max-width: 720px) 100vw, 720px\" \/><\/a><\/figure>\n\n\n\n<figure class=\"wp-block-image size-large\"><a href=\"https:\/\/www.newcenter.net.br\/provedor\/wp-content\/uploads\/2021\/06\/cruzeiro_04.jpg\" rel=\"lightbox-5\"><img loading=\"lazy\" decoding=\"async\" width=\"720\" height=\"1005\" src=\"https:\/\/www.newcenter.net.br\/provedor\/wp-content\/uploads\/2021\/06\/cruzeiro_04.jpg\" alt=\"\" class=\"wp-image-62\" srcset=\"https:\/\/www.newcenter.net.br\/provedor\/wp-content\/uploads\/2021\/06\/cruzeiro_04.jpg 720w, https:\/\/www.newcenter.net.br\/provedor\/wp-content\/uploads\/2021\/06\/cruzeiro_04-215x300.jpg 215w\" sizes=\"auto, (max-width: 720px) 100vw, 720px\" \/><\/a><\/figure>\n\n\n\n<figure class=\"wp-block-image size-large\"><a href=\"https:\/\/www.newcenter.net.br\/provedor\/wp-content\/uploads\/2021\/06\/glucostark.jpg\" rel=\"lightbox-6\"><img loading=\"lazy\" decoding=\"async\" width=\"1024\" height=\"552\" src=\"https:\/\/www.newcenter.net.br\/provedor\/wp-content\/uploads\/2021\/06\/glucostark-1024x552.jpg\" alt=\"\" class=\"wp-image-63\" srcset=\"https:\/\/www.newcenter.net.br\/provedor\/wp-content\/uploads\/2021\/06\/glucostark-1024x552.jpg 1024w, https:\/\/www.newcenter.net.br\/provedor\/wp-content\/uploads\/2021\/06\/glucostark-300x162.jpg 300w, https:\/\/www.newcenter.net.br\/provedor\/wp-content\/uploads\/2021\/06\/glucostark-768x414.jpg 768w, https:\/\/www.newcenter.net.br\/provedor\/wp-content\/uploads\/2021\/06\/glucostark.jpg 1280w\" sizes=\"auto, (max-width: 1024px) 100vw, 1024px\" \/><\/a><\/figure>\n\n\n\n<figure class=\"wp-block-image size-large\"><a href=\"https:\/\/www.newcenter.net.br\/provedor\/wp-content\/uploads\/2021\/06\/haenssgen.jpg\" rel=\"lightbox-7\"><img loading=\"lazy\" decoding=\"async\" width=\"1024\" height=\"576\" src=\"https:\/\/www.newcenter.net.br\/provedor\/wp-content\/uploads\/2021\/06\/haenssgen-1024x576.jpg\" alt=\"\" class=\"wp-image-64\" srcset=\"https:\/\/www.newcenter.net.br\/provedor\/wp-content\/uploads\/2021\/06\/haenssgen-1024x576.jpg 1024w, https:\/\/www.newcenter.net.br\/provedor\/wp-content\/uploads\/2021\/06\/haenssgen-300x169.jpg 300w, https:\/\/www.newcenter.net.br\/provedor\/wp-content\/uploads\/2021\/06\/haenssgen-768x432.jpg 768w, https:\/\/www.newcenter.net.br\/provedor\/wp-content\/uploads\/2021\/06\/haenssgen.jpg 1280w\" sizes=\"auto, (max-width: 1024px) 100vw, 1024px\" \/><\/a><\/figure>\n\n\n\n<figure class=\"wp-block-image size-large\"><a href=\"https:\/\/www.newcenter.net.br\/provedor\/wp-content\/uploads\/2021\/06\/zwirtes.jpg\" rel=\"lightbox-8\"><img loading=\"lazy\" decoding=\"async\" width=\"1024\" height=\"539\" src=\"https:\/\/www.newcenter.net.br\/provedor\/wp-content\/uploads\/2021\/06\/zwirtes-1024x539.jpg\" alt=\"\" class=\"wp-image-65\" srcset=\"https:\/\/www.newcenter.net.br\/provedor\/wp-content\/uploads\/2021\/06\/zwirtes-1024x539.jpg 1024w, https:\/\/www.newcenter.net.br\/provedor\/wp-content\/uploads\/2021\/06\/zwirtes-300x158.jpg 300w, https:\/\/www.newcenter.net.br\/provedor\/wp-content\/uploads\/2021\/06\/zwirtes-768x404.jpg 768w, https:\/\/www.newcenter.net.br\/provedor\/wp-content\/uploads\/2021\/06\/zwirtes.jpg 1280w\" sizes=\"auto, (max-width: 1024px) 100vw, 1024px\" \/><\/a><\/figure>\n\n\n\n<pre class=\"wp-block-preformatted\">--> <strong><a href=\"https:\/\/api.whatsapp.com\/send\/?phone=5551985269089&amp;text=Fale+Conosco&amp;app_absent=0\" target=\"_blank\" rel=\"noreferrer noopener\">Entre em contato!<\/a><\/strong><\/pre>\n","protected":false},"excerpt":{"rendered":"<p>A \u00e1rea de atua\u00e7\u00e3o do Provedor \u00e9 onde h\u00e1 previs\u00e3o de comercializa\u00e7\u00e3o. A \u00e1rea de abrang\u00eancia geogr\u00e1fica do servi\u00e7o indica em que locais o Provedor possui rede credenciada, referenciada ou<span class=\"more-button\"><a href=\"https:\/\/www.newcenter.net.br\/provedor\/areas-de-abrangencia-da-ncnet\/\" class=\"more-link\">Leia Mais<span class=\"screen-reader-text\">\u00c1reas de Abrang\u00eancia da NcNet<\/span><\/a><\/span><\/p>\n","protected":false},"author":1,"featured_media":0,"parent":0,"menu_order":0,"comment_status":"closed","ping_status":"closed","template":"","meta":{"footnotes":""},"class_list":["post-53","page","type-page","status-publish","hentry"],"_links":{"self":[{"href":"https:\/\/www.newcenter.net.br\/provedor\/wp-json\/wp\/v2\/pages\/53","targetHints":{"allow":["GET"]}}],"collection":[{"href":"https:\/\/www.newcenter.net.br\/provedor\/wp-json\/wp\/v2\/pages"}],"about":[{"href":"https:\/\/www.newcenter.net.br\/provedor\/wp-json\/wp\/v2\/types\/page"}],"author":[{"embeddable":true,"href":"https:\/\/www.newcenter.net.br\/provedor\/wp-json\/wp\/v2\/users\/1"}],"replies":[{"embeddable":true,"href":"https:\/\/www.newcenter.net.br\/provedor\/wp-json\/wp\/v2\/comments?post=53"}],"version-history":[{"count":6,"href":"https:\/\/www.newcenter.net.br\/provedor\/wp-json\/wp\/v2\/pages\/53\/revisions"}],"predecessor-version":[{"id":70,"href":"https:\/\/www.newcenter.net.br\/provedor\/wp-json\/wp\/v2\/pages\/53\/revisions\/70"}],"wp:attachment":[{"href":"https:\/\/www.newcenter.net.br\/provedor\/wp-json\/wp\/v2\/media?parent=53"}],"curies":[{"name":"wp","href":"https:\/\/api.w.org\/{rel}","templated":true}]}}